{"id":986,"date":"2025-08-27T13:07:40","date_gmt":"2025-08-27T11:07:40","guid":{"rendered":"http:\/\/cral.gent\/atelier-floral\/"},"modified":"2025-10-01T16:45:35","modified_gmt":"2025-10-01T14:45:35","slug":"bloemenworkshop","status":"publish","type":"page","link":"https:\/\/cral.gent\/nl\/bloemenworkshop\/","title":{"rendered":"Bloemenworkshop"},"content":{"rendered":"\t\t<div data-elementor-type=\"wp-page\" data-elementor-id=\"986\" class=\"elementor elementor-986 elementor-768\" data-elementor-post-type=\"page\">\n\t\t\t\t<div class=\"elementor-element elementor-element-308da581 e-flex e-con-boxed e-con e-parent\" data-id=\"308da581\" data-element_type=\"container\" data-settings=\"{&quot;background_background&quot;:&quot;classic&quot;,&quot;background_motion_fx_motion_fx_scrolling&quot;:&quot;yes&quot;,&quot;background_motion_fx_translateY_speed&quot;:{&quot;unit&quot;:&quot;px&quot;,&quot;size&quot;:5.2,&quot;sizes&quot;:[]},&quot;background_motion_fx_blur_direction&quot;:&quot;in-out&quot;,&quot;background_motion_fx_blur_level&quot;:{&quot;unit&quot;:&quot;px&quot;,&quot;size&quot;:12,&quot;sizes&quot;:[]},&quot;background_motion_fx_blur_range&quot;:{&quot;unit&quot;:&quot;%&quot;,&quot;size&quot;:&quot;&quot;,&quot;sizes&quot;:{&quot;start&quot;:21,&quot;end&quot;:80}},&quot;background_motion_fx_translateY_direction&quot;:&quot;negative&quot;,&quot;background_motion_fx_translateY_effect&quot;:&quot;yes&quot;,&quot;background_motion_fx_blur_effect&quot;:&quot;yes&quot;,&quot;background_motion_fx_translateY_affectedRange&quot;:{&quot;unit&quot;:&quot;%&quot;,&quot;size&quot;:&quot;&quot;,&quot;sizes&quot;:{&quot;start&quot;:0,&quot;end&quot;:100}},&quot;background_motion_fx_devices&quot;:[&quot;desktop&quot;,&quot;tablet&quot;,&quot;mobile&quot;]}\">\n\t\t\t\t\t<div class=\"e-con-inner\">\n\t\t<div class=\"elementor-element elementor-element-770932be e-con-full e-flex e-con e-child\" data-id=\"770932be\" data-element_type=\"container\">\n\t\t\t\t<div class=\"elementor-element elementor-element-a79bc7c animated-slow elementor-invisible elementor-widget elementor-widget-image\" data-id=\"a79bc7c\" data-element_type=\"widget\" data-settings=\"{&quot;_animation&quot;:&quot;fadeIn&quot;}\" data-widget_type=\"image.default\">\n\t\t\t\t\t\t\t\t\t\t\t\t\t\t\t<img fetchpriority=\"high\" decoding=\"async\" width=\"1024\" height=\"702\" src=\"https:\/\/cral.gent\/wp-content\/uploads\/2025\/09\/Koninklijke-Kunst-en-Letterkundige-Kring-1024x702.png\" class=\"attachment-large size-large wp-image-1096\" alt=\"\" srcset=\"https:\/\/cral.gent\/wp-content\/uploads\/2025\/09\/Koninklijke-Kunst-en-Letterkundige-Kring-1024x702.png 1024w, https:\/\/cral.gent\/wp-content\/uploads\/2025\/09\/Koninklijke-Kunst-en-Letterkundige-Kring-300x206.png 300w, https:\/\/cral.gent\/wp-content\/uploads\/2025\/09\/Koninklijke-Kunst-en-Letterkundige-Kring-768x526.png 768w, https:\/\/cral.gent\/wp-content\/uploads\/2025\/09\/Koninklijke-Kunst-en-Letterkundige-Kring.png 1500w\" sizes=\"(max-width: 1024px) 100vw, 1024px\" \/>\t\t\t\t\t\t\t\t\t\t\t\t\t\t\t<\/div>\n\t\t\t\t<div class=\"elementor-element elementor-element-51f9231a elementor-widget elementor-widget-heading\" data-id=\"51f9231a\" data-element_type=\"widget\" data-widget_type=\"heading.default\">\n\t\t\t\t\t<h1 class=\"elementor-heading-title elementor-size-default\">Bloemenworkshop<\/h1>\t\t\t\t<\/div>\n\t\t\t\t<\/div>\n\t\t\t\t\t<\/div>\n\t\t\t\t<\/div>\n\t\t<div class=\"elementor-element elementor-element-7db01b2f e-con-full e-flex e-con e-parent\" data-id=\"7db01b2f\" data-element_type=\"container\">\n\t\t<div class=\"elementor-element elementor-element-62684473 e-con-full e-flex e-con e-child\" data-id=\"62684473\" data-element_type=\"container\">\n\t\t\t\t<div class=\"elementor-element elementor-element-1076328d elementor-widget elementor-widget-heading\" data-id=\"1076328d\" data-element_type=\"widget\" data-widget_type=\"heading.default\">\n\t\t\t\t\t<h2 class=\"elementor-heading-title elementor-size-default\">Bloemenworkshop<\/h2>\t\t\t\t<\/div>\n\t\t\t\t<div class=\"elementor-element elementor-element-142af83f elementor-widget elementor-widget-text-editor\" data-id=\"142af83f\" data-element_type=\"widget\" data-widget_type=\"text-editor.default\">\n\t\t\t\t\t\t\t\t\t<p>We komen \u00e9\u00e9n keer per maand op maandagmiddag bijeen onder leiding van Mich\u00e8le Bouverne, met assistentie van Fran\u00e7oise Wuyts en Myriam Casier.<\/p><p>De eerste workshop vindt plaats op 20 oktober van 13.30 tot 16.30 uur.<\/p><p>Mich\u00e8le Bouverne stuurt enkele dagen van tevoren een foto van het bloemenproject. Leden kunnen zich inschrijven door een <strong>e-mail te sturen naar <a href=\"mailto:cral.reservations@gmail.com\">cral.reservations@gmail.com<\/a><\/strong>. Maximaal 10 personen.<\/p>\t\t\t\t\t\t\t\t<\/div>\n\t\t\t\t<\/div>\n\t\t<div class=\"elementor-element elementor-element-643bd6d6 e-con-full e-flex e-con e-child\" data-id=\"643bd6d6\" data-element_type=\"container\" data-settings=\"{&quot;background_background&quot;:&quot;classic&quot;}\">\n\t\t\t\t<div class=\"elementor-element elementor-element-6b1e820c elementor-widget elementor-widget-image\" data-id=\"6b1e820c\" data-element_type=\"widget\" data-widget_type=\"image.default\">\n\t\t\t\t\t\t\t\t\t\t\t\t\t\t\t<img decoding=\"async\" width=\"640\" height=\"480\" src=\"https:\/\/cral.gent\/wp-content\/uploads\/2025\/08\/IMG_0655-rotated.jpeg\" class=\"attachment-large size-large wp-image-689\" alt=\"\" srcset=\"https:\/\/cral.gent\/wp-content\/uploads\/2025\/08\/IMG_0655-rotated.jpeg 640w, https:\/\/cral.gent\/wp-content\/uploads\/2025\/08\/IMG_0655-300x225.jpeg 300w\" sizes=\"(max-width: 640px) 100vw, 640px\" \/>\t\t\t\t\t\t\t\t\t\t\t\t\t\t\t<\/div>\n\t\t\t\t<\/div>\n\t\t\t\t<\/div>\n\t\t<div class=\"elementor-element elementor-element-51ab8ba4 e-flex e-con-boxed e-con e-parent\" data-id=\"51ab8ba4\" data-element_type=\"container\">\n\t\t\t\t\t<div class=\"e-con-inner\">\n\t\t<div class=\"elementor-element elementor-element-54fbeaa e-con-full e-flex e-con e-child\" data-id=\"54fbeaa\" data-element_type=\"container\">\n\t\t\t\t<div class=\"elementor-element elementor-element-1fc10cf6 elementor-widget elementor-widget-text-editor\" data-id=\"1fc10cf6\" data-element_type=\"widget\" data-widget_type=\"text-editor.default\">\n\t\t\t\t\t\t\t\t\t<p>We vragen deelnemers om, indien mogelijk, groen, een plantenbak, een snoeischaar, een schort en andere benodigdheden mee te nemen.<\/p><p>Wij zorgen voor de bloemen, de oase en de vuilniszak.<\/p><p>Prijs: \u20ac 20 per les.<\/p>\t\t\t\t\t\t\t\t<\/div>\n\t\t\t\t<\/div>\n\t\t<div class=\"elementor-element elementor-element-24c4e726 e-con-full e-flex e-con e-child\" data-id=\"24c4e726\" data-element_type=\"container\">\n\t\t\t\t<div class=\"elementor-element elementor-element-6a5ff194 elementor-widget elementor-widget-image\" data-id=\"6a5ff194\" data-element_type=\"widget\" data-widget_type=\"image.default\">\n\t\t\t\t\t\t\t\t\t\t\t\t\t\t\t<img decoding=\"async\" width=\"480\" height=\"640\" src=\"https:\/\/cral.gent\/wp-content\/uploads\/2025\/08\/IMG_1745-rotated.jpeg\" class=\"attachment-large size-large wp-image-684\" alt=\"\" srcset=\"https:\/\/cral.gent\/wp-content\/uploads\/2025\/08\/IMG_1745-rotated.jpeg 480w, https:\/\/cral.gent\/wp-content\/uploads\/2025\/08\/IMG_1745-225x300.jpeg 225w\" sizes=\"(max-width: 480px) 100vw, 480px\" \/>\t\t\t\t\t\t\t\t\t\t\t\t\t\t\t<\/div>\n\t\t\t\t<\/div>\n\t\t\t\t\t<\/div>\n\t\t\t\t<\/div>\n\t\t\t\t<\/div>\n\t\t","protected":false},"excerpt":{"rendered":"<p>Bloemenworkshop We komen \u00e9\u00e9n keer per maand op maandagmiddag bijeen onder leiding van Mich\u00e8le Bouverne, [&hellip;]<\/p>\n","protected":false},"author":1,"featured_media":0,"parent":0,"menu_order":0,"comment_status":"closed","ping_status":"closed","template":"","meta":{"_acf_changed":false,"footnotes":""},"class_list":["post-986","page","type-page","status-publish","hentry"],"acf":[],"yoast_head":"<!-- This site is optimized with the Yoast SEO plugin v26.0 - https:\/\/yoast.com\/wordpress\/plugins\/seo\/ -->\n<title>Bloemenworkshop - Cercle Royal Artistique et Litt\u00e9raire - CRAL<\/title>\n<meta name=\"robots\" content=\"index, follow, max-snippet:-1, max-image-preview:large, max-video-preview:-1\" \/>\n<link rel=\"canonical\" href=\"https:\/\/cral.gent\/nl\/bloemenworkshop\/\" \/>\n<meta property=\"og:locale\" content=\"nl_NL\" \/>\n<meta property=\"og:type\" content=\"article\" \/>\n<meta property=\"og:title\" content=\"Bloemenworkshop - Cercle Royal Artistique et Litt\u00e9raire - CRAL\" \/>\n<meta property=\"og:description\" content=\"Bloemenworkshop We komen \u00e9\u00e9n keer per maand op maandagmiddag bijeen onder leiding van Mich\u00e8le Bouverne, [&hellip;]\" \/>\n<meta property=\"og:url\" content=\"https:\/\/cral.gent\/nl\/bloemenworkshop\/\" \/>\n<meta property=\"og:site_name\" content=\"Cercle Royal Artistique et Litt\u00e9raire - CRAL\" \/>\n<meta property=\"article:modified_time\" content=\"2025-10-01T14:45:35+00:00\" \/>\n<meta property=\"og:image\" content=\"https:\/\/cral.gent\/wp-content\/uploads\/2025\/09\/Koninklijke-Kunst-en-Letterkundige-Kring.png\" \/>\n\t<meta property=\"og:image:width\" content=\"1500\" \/>\n\t<meta property=\"og:image:height\" content=\"1028\" \/>\n\t<meta property=\"og:image:type\" content=\"image\/png\" \/>\n<meta name=\"twitter:card\" content=\"summary_large_image\" \/>\n<meta name=\"twitter:label1\" content=\"Geschatte leestijd\" \/>\n\t<meta name=\"twitter:data1\" content=\"1 minuut\" \/>\n<script type=\"application\/ld+json\" class=\"yoast-schema-graph\">{\"@context\":\"https:\/\/schema.org\",\"@graph\":[{\"@type\":\"WebPage\",\"@id\":\"https:\/\/cral.gent\/nl\/bloemenworkshop\/\",\"url\":\"https:\/\/cral.gent\/nl\/bloemenworkshop\/\",\"name\":\"Bloemenworkshop - Cercle Royal Artistique et Litt\u00e9raire - CRAL\",\"isPartOf\":{\"@id\":\"https:\/\/cral.gent\/#website\"},\"primaryImageOfPage\":{\"@id\":\"https:\/\/cral.gent\/nl\/bloemenworkshop\/#primaryimage\"},\"image\":{\"@id\":\"https:\/\/cral.gent\/nl\/bloemenworkshop\/#primaryimage\"},\"thumbnailUrl\":\"https:\/\/cral.gent\/wp-content\/uploads\/2025\/09\/Koninklijke-Kunst-en-Letterkundige-Kring-1024x702.png\",\"datePublished\":\"2025-08-27T11:07:40+00:00\",\"dateModified\":\"2025-10-01T14:45:35+00:00\",\"breadcrumb\":{\"@id\":\"https:\/\/cral.gent\/nl\/bloemenworkshop\/#breadcrumb\"},\"inLanguage\":\"nl-NL\",\"potentialAction\":[{\"@type\":\"ReadAction\",\"target\":[\"https:\/\/cral.gent\/nl\/bloemenworkshop\/\"]}]},{\"@type\":\"ImageObject\",\"inLanguage\":\"nl-NL\",\"@id\":\"https:\/\/cral.gent\/nl\/bloemenworkshop\/#primaryimage\",\"url\":\"https:\/\/cral.gent\/wp-content\/uploads\/2025\/09\/Koninklijke-Kunst-en-Letterkundige-Kring-1024x702.png\",\"contentUrl\":\"https:\/\/cral.gent\/wp-content\/uploads\/2025\/09\/Koninklijke-Kunst-en-Letterkundige-Kring-1024x702.png\"},{\"@type\":\"BreadcrumbList\",\"@id\":\"https:\/\/cral.gent\/nl\/bloemenworkshop\/#breadcrumb\",\"itemListElement\":[{\"@type\":\"ListItem\",\"position\":1,\"name\":\"Accueil\",\"item\":\"https:\/\/cral.gent\/nl\/\"},{\"@type\":\"ListItem\",\"position\":2,\"name\":\"Bloemenworkshop\"}]},{\"@type\":\"WebSite\",\"@id\":\"https:\/\/cral.gent\/#website\",\"url\":\"https:\/\/cral.gent\/\",\"name\":\"Cercle Royal Artistique et Litt\u00e9raire - CRAL\",\"description\":\"\",\"potentialAction\":[{\"@type\":\"SearchAction\",\"target\":{\"@type\":\"EntryPoint\",\"urlTemplate\":\"https:\/\/cral.gent\/?s={search_term_string}\"},\"query-input\":{\"@type\":\"PropertyValueSpecification\",\"valueRequired\":true,\"valueName\":\"search_term_string\"}}],\"inLanguage\":\"nl-NL\"}]}<\/script>\n<!-- \/ Yoast SEO plugin. -->","yoast_head_json":{"title":"Bloemenworkshop - Cercle Royal Artistique et Litt\u00e9raire - CRAL","robots":{"index":"index","follow":"follow","max-snippet":"max-snippet:-1","max-image-preview":"max-image-preview:large","max-video-preview":"max-video-preview:-1"},"canonical":"https:\/\/cral.gent\/nl\/bloemenworkshop\/","og_locale":"nl_NL","og_type":"article","og_title":"Bloemenworkshop - Cercle Royal Artistique et Litt\u00e9raire - CRAL","og_description":"Bloemenworkshop We komen \u00e9\u00e9n keer per maand op maandagmiddag bijeen onder leiding van Mich\u00e8le Bouverne, [&hellip;]","og_url":"https:\/\/cral.gent\/nl\/bloemenworkshop\/","og_site_name":"Cercle Royal Artistique et Litt\u00e9raire - CRAL","article_modified_time":"2025-10-01T14:45:35+00:00","og_image":[{"width":1500,"height":1028,"url":"https:\/\/cral.gent\/wp-content\/uploads\/2025\/09\/Koninklijke-Kunst-en-Letterkundige-Kring.png","type":"image\/png"}],"twitter_card":"summary_large_image","twitter_misc":{"Geschatte leestijd":"1 minuut"},"schema":{"@context":"https:\/\/schema.org","@graph":[{"@type":"WebPage","@id":"https:\/\/cral.gent\/nl\/bloemenworkshop\/","url":"https:\/\/cral.gent\/nl\/bloemenworkshop\/","name":"Bloemenworkshop - Cercle Royal Artistique et Litt\u00e9raire - CRAL","isPartOf":{"@id":"https:\/\/cral.gent\/#website"},"primaryImageOfPage":{"@id":"https:\/\/cral.gent\/nl\/bloemenworkshop\/#primaryimage"},"image":{"@id":"https:\/\/cral.gent\/nl\/bloemenworkshop\/#primaryimage"},"thumbnailUrl":"https:\/\/cral.gent\/wp-content\/uploads\/2025\/09\/Koninklijke-Kunst-en-Letterkundige-Kring-1024x702.png","datePublished":"2025-08-27T11:07:40+00:00","dateModified":"2025-10-01T14:45:35+00:00","breadcrumb":{"@id":"https:\/\/cral.gent\/nl\/bloemenworkshop\/#breadcrumb"},"inLanguage":"nl-NL","potentialAction":[{"@type":"ReadAction","target":["https:\/\/cral.gent\/nl\/bloemenworkshop\/"]}]},{"@type":"ImageObject","inLanguage":"nl-NL","@id":"https:\/\/cral.gent\/nl\/bloemenworkshop\/#primaryimage","url":"https:\/\/cral.gent\/wp-content\/uploads\/2025\/09\/Koninklijke-Kunst-en-Letterkundige-Kring-1024x702.png","contentUrl":"https:\/\/cral.gent\/wp-content\/uploads\/2025\/09\/Koninklijke-Kunst-en-Letterkundige-Kring-1024x702.png"},{"@type":"BreadcrumbList","@id":"https:\/\/cral.gent\/nl\/bloemenworkshop\/#breadcrumb","itemListElement":[{"@type":"ListItem","position":1,"name":"Accueil","item":"https:\/\/cral.gent\/nl\/"},{"@type":"ListItem","position":2,"name":"Bloemenworkshop"}]},{"@type":"WebSite","@id":"https:\/\/cral.gent\/#website","url":"https:\/\/cral.gent\/","name":"Cercle Royal Artistique et Litt\u00e9raire - CRAL","description":"","potentialAction":[{"@type":"SearchAction","target":{"@type":"EntryPoint","urlTemplate":"https:\/\/cral.gent\/?s={search_term_string}"},"query-input":{"@type":"PropertyValueSpecification","valueRequired":true,"valueName":"search_term_string"}}],"inLanguage":"nl-NL"}]}},"_links":{"self":[{"href":"https:\/\/cral.gent\/nl\/wp-json\/wp\/v2\/pages\/986","targetHints":{"allow":["GET"]}}],"collection":[{"href":"https:\/\/cral.gent\/nl\/wp-json\/wp\/v2\/pages"}],"about":[{"href":"https:\/\/cral.gent\/nl\/wp-json\/wp\/v2\/types\/page"}],"author":[{"embeddable":true,"href":"https:\/\/cral.gent\/nl\/wp-json\/wp\/v2\/users\/1"}],"replies":[{"embeddable":true,"href":"https:\/\/cral.gent\/nl\/wp-json\/wp\/v2\/comments?post=986"}],"version-history":[{"count":16,"href":"https:\/\/cral.gent\/nl\/wp-json\/wp\/v2\/pages\/986\/revisions"}],"predecessor-version":[{"id":1282,"href":"https:\/\/cral.gent\/nl\/wp-json\/wp\/v2\/pages\/986\/revisions\/1282"}],"wp:attachment":[{"href":"https:\/\/cral.gent\/nl\/wp-json\/wp\/v2\/media?parent=986"}],"curies":[{"name":"wp","href":"https:\/\/api.w.org\/{rel}","templated":true}]}}